{"id":3,"date":"2026-01-15T10:46:04","date_gmt":"2026-01-15T10:46:04","guid":{"rendered":"https:\/\/puraenvidiaone.es\/?page_id=3"},"modified":"2026-02-10T10:48:48","modified_gmt":"2026-02-10T10:48:48","slug":"aviso-legal-y-politica-de-privacidad","status":"publish","type":"page","link":"https:\/\/puraenvidiaone.es\/en\/aviso-legal-y-politica-de-privacidad\/","title":{"rendered":"AVISO LEGAL Y POL\u00cdTICA DE PRIVACIDAD"},"content":{"rendered":"\n<div class=\"gb-element-9621b42c\">\n<h1 class=\"wp-block-heading\">AVISO LEGAL Y POL\u00cdTICA DE PRIVACIDAD<\/h1>\n\n\n\n<h4 class=\"wp-block-heading\"><strong>1. DATOS IDENTIFICATIVOS<\/strong><\/h4>\n\n\n\n<p>En cumplimiento con el deber de informaci\u00f3n recogido en el art\u00edculo 10 de la Ley 34\/2002, de 11 de julio, de Servicios de la Sociedad de la Informaci\u00f3n y del Comercio Electr\u00f3nico, a continuaci\u00f3n se reflejan los siguientes datos:<\/p>\n\n\n\n<ul class=\"wp-block-list\">\n<li><strong>Titular:<\/strong>\u00a0P4 ARQUITECTOS S.L.P.<\/li>\n\n\n\n<li><strong>NIF:<\/strong>\u00a0B-92282896<\/li>\n\n\n\n<li><strong>Domicilio:<\/strong>\u00a0Avda. Manolete 1, C.C. Centro Plaza, Local 42, Nueva Andaluc\u00eda, 29660, Marbella, M\u00e1laga<\/li>\n\n\n\n<li><strong>Correo electr\u00f3nico:<\/strong>\u00a0<a href=\"mailto:info@p4arquitectos.com\" target=\"_blank\" rel=\"noreferrer noopener\">info@p4arquitectos.com<\/a><\/li>\n\n\n\n<li><strong>Datos registrales:<\/strong>\u00a0Inscrita en el Registro Mercantil de M\u00e1laga, Tomo 2.892, Libro 1.805, Folio 87, Hoja MA-51.805.<\/li>\n<\/ul>\n\n\n\n<h4 class=\"wp-block-heading\"><strong>2. CONDICIONES DE USO Y PROPIEDAD INTELECTUAL<\/strong><\/h4>\n\n\n\n<p>En lo referente a los servicios y a la utilizaci\u00f3n de este Sitio Web (en adelante Web) se autoriza al usuario \u00fanicamente en el caso de que acepte \u00edntegramente los t\u00e9rminos, condiciones, comunicaciones, advertencias y de<sup><\/sup>m\u00e1s avisos legales contenidos en el mismo. Las conexiones con otros sitios Web y el uso que aquel<sup><\/sup> pueda hacer de los mismos est\u00e1 sujeto tambi\u00e9n a las presentes Condiciones y T\u00e9rminos Generales de Uso.<\/p>\n\n\n\n<p><strong>Propiedad intelectual:<\/strong> Todos los derechos sobre el contenido de este sitio Web pertenecen a P4 ARQUITECTOS S.L.P. El dise\u00f1o, im\u00e1genes, animaciones, v\u00eddeos, mapas, gr\u00e1ficos, banners, el software y sus distintos c\u00f3digos fuente son de titularidad de P4 ARQUITECTOS S.L.P. Queda prohibida su copia, modificaci\u00f3n, distribuci\u00f3n o reproducci\u00f3n sin autorizaci\u00f3n previa. Queda \u00fanicamente autorizada la mera visualizaci\u00f3n y carga para el uso personal y no comercial del usuario.<\/p>\n\n\n\n<h4 class=\"wp-block-heading\"><br><strong>3. PROTECCI\u00d3N DE DATOS (RGPD)<\/strong><\/h4>\n\n\n\n<p>De conformidad con el Reglamento (UE) 2016\/679 (RGPD) y la Ley Org\u00e1nica 3\/2018 (LOPDGDD), se informa al usuario de lo siguiente:<\/p>\n\n\n\n<ul class=\"wp-block-list\">\n<li><strong>Responsable:<\/strong> P4 ARQUITECTOS S.L.P.<\/li>\n\n\n\n<li><strong>Finalidad:<\/strong> Gestionar las consultas recibidas y mantener la relaci\u00f3n profesional con los usuarios que contacten a trav\u00e9s de la web.<\/li>\n\n\n\n<li><strong>Legitimaci\u00f3n:<\/strong> El consentimiento del usuario al enviar su informaci\u00f3n.<\/li>\n\n\n\n<li><strong>Derechos:<\/strong> El usuario puede ejercer sus derechos de acceso, rectificaci\u00f3n, supresi\u00f3n, limitaci\u00f3n y oposici\u00f3n enviando un correo a <strong>[COMPLETAR EMAIL]<\/strong> adjuntando copia de su DNI.<\/li>\n\n\n\n<li><strong>Destinatarios:<\/strong> No se ceder\u00e1n datos a terceros salvo obligaci\u00f3n legal.<\/li>\n<\/ul>\n\n\n\n<h4 class=\"wp-block-heading\"><strong>4. PRODUCTOS Y SERVICIOS DE TERCERAS EMPRESAS<\/strong><\/h4>\n\n\n\n<p>El usuario acepta que al pulsar en los enlaces (links) que le dirijan a webs de terceras empresas deja de navegar en <a target=\"_blank\" rel=\"noreferrer noopener\" href=\"https:\/\/www.p4arquitectos.com\">www.p4arquitectos.com<\/a>, exonerando a P4 ARQUITECTOS S.L.P. de cualquier responsabilidad por los contenidos o servicios de dichas p\u00e1ginas. P4 ARQUITECTOS S.L.P. no puede controlar ni responsabilizarse de que las empresas colaboradoras cumplan con sus obligaciones legales.<\/p>\n\n\n\n<h4 class=\"wp-block-heading\"><br><strong>5. POL\u00cdTICA DE COOKIES<\/strong><\/h4>\n\n\n\n<p>Nuestra p\u00e1gina web utiliza cookies para analizar las visitas de los usuarios. Las cookies son peque\u00f1os archivos que se guardan en el ordenador y nos facilitan este an\u00e1lisis.<\/p>\n\n\n\n<p><strong>Google Analytics:<\/strong> Este sitio utiliza Google Analytics, un servicio de Google, Inc. para analizar el uso que hacen los usuarios del sitio web. La informaci\u00f3n que genera la cookie (incluyendo su direcci\u00f3n IP, que es tratada como dato personal bajo el RGPD) ser\u00e1 directamente transmitida y archivada por Google en sus servidores. Puede usted rechazar el tratamiento de los datos rechazando el uso de cookies mediante la selecci\u00f3n de la configuraci\u00f3n apropiada de su navegador.<\/p>\n<\/div>\n\n\n\n<div class=\"gb-element-f46bd614\" id=\"contacto\">\n<div class=\"gb-element-808f9d72\">\n<div>\n<div class=\"wp-block-contact-form-7-contact-form-selector gsap-reveal\">\n<div class=\"wpcf7 no-js\" id=\"wpcf7-f301-o1\" lang=\"es-ES\" dir=\"ltr\" data-wpcf7-id=\"301\">\n<div class=\"screen-reader-response\"><p role=\"status\" aria-live=\"polite\" aria-atomic=\"true\"><\/p> <ul><\/ul><\/div>\n<form action=\"\/en\/wp-json\/wp\/v2\/pages\/3#wpcf7-f301-o1\" method=\"post\" class=\"wpcf7-form init\" aria-label=\"Formulario de contacto\" novalidate=\"novalidate\" data-status=\"init\">\n<fieldset class=\"hidden-fields-container\"><input type=\"hidden\" name=\"_wpcf7\" value=\"301\" \/><input type=\"hidden\" name=\"_wpcf7_version\" value=\"6.1.5\" \/><input type=\"hidden\" name=\"_wpcf7_locale\" value=\"es_ES\" \/><input type=\"hidden\" name=\"_wpcf7_unit_tag\" value=\"wpcf7-f301-o1\" \/><input type=\"hidden\" name=\"_wpcf7_container_post\" value=\"0\" \/><input type=\"hidden\" name=\"_wpcf7_posted_data_hash\" value=\"\" \/>\n<\/fieldset>\n<p><label> Nombre <span class=\"wpcf7-form-control-wrap\" data-name=\"your-name\"><input size=\"40\" maxlength=\"400\" class=\"wpcf7-form-control wpcf7-text wpcf7-validates-as-required\" aria-required=\"true\" aria-invalid=\"false\" placeholder=\"Su nombre\" value=\"\" type=\"text\" name=\"your-name\" \/><\/span> <\/label>\n<\/p>\n<p><label> Email <span class=\"wpcf7-form-control-wrap\" data-name=\"your-email\"><input size=\"40\" maxlength=\"400\" class=\"wpcf7-form-control wpcf7-email wpcf7-validates-as-required wpcf7-text wpcf7-validates-as-email\" aria-required=\"true\" aria-invalid=\"false\" placeholder=\"su@email.com\" value=\"\" type=\"email\" name=\"your-email\" \/><\/span> <\/label>\n<\/p>\n<p><label> Tel\u00e9fono <span class=\"wpcf7-form-control-wrap\" data-name=\"your-tel\"><input size=\"40\" maxlength=\"400\" class=\"wpcf7-form-control wpcf7-tel wpcf7-validates-as-required wpcf7-text wpcf7-validates-as-tel\" aria-required=\"true\" aria-invalid=\"false\" placeholder=\"Su tel\u00e9fono\" value=\"\" type=\"tel\" name=\"your-tel\" \/><\/span> <\/label>\n<\/p>\n<p><label> Mensaje <span class=\"wpcf7-form-control-wrap\" data-name=\"your-message\"><textarea cols=\"40\" rows=\"10\" maxlength=\"2000\" class=\"wpcf7-form-control wpcf7-textarea wpcf7-validates-as-required\" aria-required=\"true\" aria-invalid=\"false\" placeholder=\"Su mensaje\" name=\"your-message\"><\/textarea><\/span> <\/label>\n<\/p>\n<p><span class=\"wpcf7-form-control-wrap\" data-name=\"acceptance-758\"><span class=\"wpcf7-form-control wpcf7-acceptance\"><span class=\"wpcf7-list-item\"><label><input type=\"checkbox\" name=\"acceptance-758\" value=\"1\" aria-invalid=\"false\" \/><span class=\"wpcf7-list-item-label\"><span style=\"color: #ffffff; letter-spacing: normal;\">He le\u00eddo y acepto la <\/span><a href=\"https:\/\/puraenvidiaone.es\/index.php\/aviso-legal-y-politica-de-privacidad\/\" target=\"_blank\" style=\"color: #ffffff; text-decoration: underline; letter-spacing: normal;\"> Pol\u00edtica de Privacidad<\/a><\/span><\/label><\/span><\/span><\/span>\n<\/p>\n<p><input class=\"wpcf7-form-control wpcf7-submit has-spinner\" type=\"submit\" value=\"Enviar\" \/>\n<\/p><div class=\"wpcf7-response-output\" aria-hidden=\"true\"><\/div>\n<\/form>\n<\/div>\n<\/div>\n<\/div>\n\n\n\n<div>\n<h3 class=\"gb-text gb-text-1cc91f50 gsap-reveal\">Contacto<\/h3>\n\n\n\n<p class=\"gb-text-fb143261 gsap-reveal\"><span class=\"gb-shape\"><svg width=\"23\" height=\"23\" viewBox=\"0 0 23 23\" fill=\"none\" xmlns=\"http:\/\/www.w3.org\/2000\/svg\">\n<g clip-path=\"url(#clip0_150_6)\">\n<path d=\"M17.407 12.7913C16.6573 14.3108 15.6414 15.8246 14.6027 17.1838C13.6162 18.4644 12.5626 19.6918 11.4463 20.861C10.33 19.6918 9.27646 18.4644 8.29 17.1838C7.25125 15.8246 6.23538 14.3108 5.48565 12.7913C4.72733 11.2561 4.29237 9.8181 4.29237 8.58476C4.29237 6.68741 5.04609 4.86777 6.38771 3.52614C7.72934 2.18451 9.54898 1.43079 11.4463 1.43079C13.3437 1.43079 15.1633 2.18451 16.505 3.52614C17.8466 4.86777 18.6003 6.68741 18.6003 8.58476C18.6003 9.8181 18.1639 11.2561 17.407 12.7913ZM11.4463 22.8927C11.4463 22.8927 20.0311 14.7572 20.0311 8.58476C20.0311 6.30794 19.1266 4.12437 17.5167 2.51442C15.9067 0.904463 13.7232 0 11.4463 0C9.16951 0 6.98595 0.904463 5.37599 2.51442C3.76604 4.12437 2.86157 6.30794 2.86157 8.58476C2.86157 14.7572 11.4463 22.8927 11.4463 22.8927Z\" fill=\"white\"><\/path>\n<path d=\"M11.4464 11.4464C10.6874 11.4464 9.95958 11.145 9.42292 10.6083C8.88627 10.0717 8.58479 9.3438 8.58479 8.58486C8.58479 7.82592 8.88627 7.09806 9.42292 6.56141C9.95958 6.02476 10.6874 5.72327 11.4464 5.72327C12.2053 5.72327 12.9332 6.02476 13.4698 6.56141C14.0065 7.09806 14.308 7.82592 14.308 8.58486C14.308 9.3438 14.0065 10.0717 13.4698 10.6083C12.9332 11.145 12.2053 11.4464 11.4464 11.4464ZM11.4464 12.8772C12.5848 12.8772 13.6766 12.425 14.4815 11.62C15.2865 10.8151 15.7388 9.72327 15.7388 8.58486C15.7388 7.44645 15.2865 6.35467 14.4815 5.54969C13.6766 4.74471 12.5848 4.29248 11.4464 4.29248C10.308 4.29248 9.21618 4.74471 8.4112 5.54969C7.60622 6.35467 7.15399 7.44645 7.15399 8.58486C7.15399 9.72327 7.60622 10.8151 8.4112 11.62C9.21618 12.425 10.308 12.8772 11.4464 12.8772Z\" fill=\"white\"><\/path>\n<\/g>\n<defs>\n<clipPath id=\"clip0_150_6\">\n<rect width=\"22.8927\" height=\"22.8927\" fill=\"white\"><\/rect>\n<\/clipPath>\n<\/defs>\n<\/svg>\n<\/span><span class=\"gb-text\">Avda. Manolete 1, C.C. Centro Plaza,&nbsp;Local 42, Nueva Andaluc\u00eda, 29660, Marbella, M\u00e1laga \u2013 Espa\u00f1a,<\/span><\/p>\n\n\n\n<p class=\"gb-text-d7faff09 gsap-reveal\"><span class=\"gb-shape\"><svg width=\"24\" height=\"24\" viewBox=\"0 0 24 24\" fill=\"none\" xmlns=\"http:\/\/www.w3.org\/2000\/svg\">\n<g clip-path=\"url(#clip0_150_12)\">\n<path d=\"M5.48122 1.99195C5.39267 1.87805 5.28089 1.78428 5.15332 1.71689C5.02575 1.6495 4.8853 1.61003 4.7413 1.60109C4.59729 1.59215 4.45304 1.61395 4.31811 1.66505C4.18319 1.71615 4.06067 1.79537 3.95872 1.89745L2.40772 3.44995C1.68322 4.17595 1.41622 5.20345 1.73272 6.10495C3.04781 9.83562 5.18445 13.2231 7.98472 16.017C10.7786 18.8172 14.1661 20.9539 17.8967 22.269C18.7982 22.5855 19.8257 22.3185 20.5517 21.594L22.1027 20.043C22.2048 19.941 22.284 19.8185 22.3351 19.6836C22.3862 19.5486 22.408 19.4044 22.3991 19.2604C22.3901 19.1164 22.3507 18.9759 22.2833 18.8484C22.2159 18.7208 22.1221 18.609 22.0082 18.5205L18.5477 15.8295C18.4259 15.7353 18.2844 15.6699 18.1337 15.6382C17.983 15.6065 17.8271 15.6093 17.6777 15.6465L14.3927 16.467C13.9542 16.5758 13.495 16.5696 13.0596 16.449C12.6242 16.3284 12.2272 16.0974 11.9072 15.7785L8.22322 12.093C7.90399 11.7731 7.67274 11.3762 7.55186 10.9408C7.43098 10.5054 7.42456 10.0461 7.53322 9.60745L8.35522 6.32245C8.39236 6.17303 8.39519 6.01714 8.36349 5.86647C8.3318 5.7158 8.26641 5.57425 8.17222 5.45245L5.48122 1.99195ZM2.82622 0.766454C3.08871 0.503878 3.40406 0.30015 3.75133 0.168796C4.09859 0.0374423 4.46983 -0.0185307 4.84039 0.00459377C5.21095 0.0277182 5.57235 0.129411 5.90059 0.302919C6.22883 0.476428 6.51641 0.717781 6.74422 1.01095L9.43522 4.46995C9.92872 5.10445 10.1027 5.93095 9.90772 6.71095L9.08722 9.99595C9.04509 10.1661 9.04753 10.3443 9.0943 10.5132C9.14107 10.6821 9.23059 10.8362 9.35422 10.9605L13.0397 14.646C13.1641 14.7698 13.3184 14.8595 13.4877 14.9063C13.6569 14.9531 13.8353 14.9554 14.0057 14.913L17.2892 14.0925C17.6742 13.9968 18.0758 13.9896 18.464 14.0714C18.8521 14.1533 19.2167 14.322 19.5302 14.565L22.9892 17.256C24.2327 18.2235 24.3467 20.061 23.2337 21.1725L21.6827 22.7235C20.5727 23.8335 18.9137 24.321 17.3672 23.7765C13.4082 22.3853 9.81403 20.1191 6.85222 17.1465C3.87978 14.1851 1.61355 10.5914 0.222218 6.63295C-0.320782 5.08795 0.166718 3.42745 1.27672 2.31745L2.82622 0.766454Z\" fill=\"white\"><\/path>\n<\/g>\n<defs>\n<clipPath id=\"clip0_150_12\">\n<rect width=\"24\" height=\"24\" fill=\"white\"><\/rect>\n<\/clipPath>\n<\/defs>\n<\/svg>\n<\/span><span class=\"gb-text\">951 40 20 80<\/span><\/p>\n\n\n\n<p class=\"gb-text-aa2f14d9 gsap-reveal\"><span class=\"gb-shape\"><svg width=\"22\" height=\"22\" viewBox=\"0 0 22 22\" fill=\"none\" xmlns=\"http:\/\/www.w3.org\/2000\/svg\">\n<path d=\"M0 5.5C0 4.77065 0.289731 4.07118 0.805456 3.55546C1.32118 3.03973 2.02065 2.75 2.75 2.75H19.25C19.9793 2.75 20.6788 3.03973 21.1945 3.55546C21.7103 4.07118 22 4.77065 22 5.5V16.5C22 17.2293 21.7103 17.9288 21.1945 18.4445C20.6788 18.9603 19.9793 19.25 19.25 19.25H2.75C2.02065 19.25 1.32118 18.9603 0.805456 18.4445C0.289731 17.9288 0 17.2293 0 16.5V5.5ZM2.75 4.125C2.38533 4.125 2.03559 4.26987 1.77773 4.52773C1.51987 4.78559 1.375 5.13533 1.375 5.5V5.79838L11 11.5734L20.625 5.79838V5.5C20.625 5.13533 20.4801 4.78559 20.2223 4.52773C19.9644 4.26987 19.6147 4.125 19.25 4.125H2.75ZM20.625 7.40162L14.1515 11.286L20.625 15.2694V7.40162ZM20.5782 16.8561L12.8232 12.0835L11 13.1766L9.17675 12.0835L1.42175 16.8548C1.49989 17.1473 1.67244 17.406 1.91261 17.5904C2.15279 17.7749 2.44715 17.875 2.75 17.875H19.25C19.5527 17.875 19.8469 17.7752 20.087 17.591C20.3272 17.4068 20.4999 17.1485 20.5782 16.8561ZM1.375 15.2694L7.8485 11.286L1.375 7.40162V15.2694Z\" fill=\"white\"><\/path>\n<\/svg>\n<\/span><span class=\"gb-text\">info@p4arquitectos.com<\/span><\/p>\n\n\n\n<iframe class=\"gsap-reveal\"\n    src=\"https:\/\/www.google.com\/maps\/embed?pb=!1m18!1m12!1m3!1d3207.524808237101!2d-4.963007723279309!3d36.49319178494381!2m3!1f0!2f0!3f0!3m2!1i1024!2i768!4f13.1!3m3!1m2!1s0xd7329e95118395f%3A0x1ed194789b2c3b25!2sP4%20ARQUITECTOS%20S.L.P!5e0!3m2!1ses!2ses!4v1768818615063!5m2!1ses!2ses\" \n    width=\"100%\" \n    height=\"350\" \n    style=\"border:0; border-radius: 20px; overflow: hidden;\" \n    allowfullscreen=\"\" \n    loading=\"lazy\" \n    referrerpolicy=\"no-referrer-when-downgrade\">\n<\/iframe>\n<\/div>\n<\/div>\n\n\n\n<div class=\"gb-element-74bad840\">\n<div>\n<p class=\"gb-text gb-text-41edf44d\">\u00a9 2025 p4arquitectos. Todos los derechos reservados.<\/p>\n<\/div>\n\n\n\n<div class=\"gb-element-fa0ed472\">\n<div class=\"footer-legal-container\">\n    <a href=\"index.php\/aviso-legal-y-politica-de-privacidad\/\" class=\"footer-legal-link\">Aviso Legal  y Pol\u00edtica de Privacidad<\/a>\n<\/div>\n<\/div>\n<\/div>\n<\/div>\n","protected":false},"excerpt":{"rendered":"<p>AVISO LEGAL Y POL\u00cdTICA DE PRIVACIDAD 1. DATOS IDENTIFICATIVOS En cumplimiento con el deber de informaci\u00f3n recogido en el art\u00edculo 10 de la Ley 34\/2002, de 11 de julio, de Servicios de la Sociedad de la Informaci\u00f3n y del Comercio Electr\u00f3nico, a continuaci\u00f3n se reflejan los siguientes datos: 2. CONDICIONES DE USO Y PROPIEDAD INTELECTUAL &#8230; <a title=\"AVISO LEGAL Y POL\u00cdTICA DE PRIVACIDAD\" class=\"read-more\" href=\"https:\/\/puraenvidiaone.es\/en\/aviso-legal-y-politica-de-privacidad\/\" aria-label=\"Read more about AVISO LEGAL Y POL\u00cdTICA DE PRIVACIDAD\">Read more<\/a><\/p>","protected":false},"author":1,"featured_media":0,"parent":0,"menu_order":1,"comment_status":"closed","ping_status":"open","template":"","meta":{"_acf_changed":false,"inline_featured_image":false,"footnotes":""},"class_list":["post-3","page","type-page","status-publish"],"acf":[],"_links":{"self":[{"href":"https:\/\/puraenvidiaone.es\/en\/wp-json\/wp\/v2\/pages\/3","targetHints":{"allow":["GET"]}}],"collection":[{"href":"https:\/\/puraenvidiaone.es\/en\/wp-json\/wp\/v2\/pages"}],"about":[{"href":"https:\/\/puraenvidiaone.es\/en\/wp-json\/wp\/v2\/types\/page"}],"author":[{"embeddable":true,"href":"https:\/\/puraenvidiaone.es\/en\/wp-json\/wp\/v2\/users\/1"}],"replies":[{"embeddable":true,"href":"https:\/\/puraenvidiaone.es\/en\/wp-json\/wp\/v2\/comments?post=3"}],"version-history":[{"count":8,"href":"https:\/\/puraenvidiaone.es\/en\/wp-json\/wp\/v2\/pages\/3\/revisions"}],"predecessor-version":[{"id":1354,"href":"https:\/\/puraenvidiaone.es\/en\/wp-json\/wp\/v2\/pages\/3\/revisions\/1354"}],"wp:attachment":[{"href":"https:\/\/puraenvidiaone.es\/en\/wp-json\/wp\/v2\/media?parent=3"}],"curies":[{"name":"wp","href":"https:\/\/api.w.org\/{rel}","templated":true}]}}